{"id":437,"date":"2023-05-03T15:14:15","date_gmt":"2023-05-03T13:14:15","guid":{"rendered":"http:\/\/savemyteam.fr\/?page_id=437"},"modified":"2023-05-03T16:19:39","modified_gmt":"2023-05-03T14:19:39","slug":"a-propos","status":"publish","type":"page","link":"https:\/\/savemyteam.fr\/index.php\/a-propos\/","title":{"rendered":"A Propos"},"content":{"rendered":"<div data-colibri-id=\"437-c1\" class=\"style-368 style-local-437-c1 position-relative\">\n  <!---->\n  <div data-colibri-component=\"section\" data-colibri-id=\"437-c2\" id=\"about\" class=\"h-section h-section-global-spacing d-flex align-items-lg-center align-items-md-center align-items-center style-369 style-local-437-c2 position-relative\">\n    <!---->\n    <!---->\n    <div class=\"h-section-grid-container h-section-boxed-container\">\n      <!---->\n      <div data-colibri-id=\"437-c3\" class=\"h-row-container gutters-row-lg-0 gutters-row-md-0 gutters-row-0 gutters-row-v-lg-0 gutters-row-v-md-0 gutters-row-v-0 style-370 style-local-437-c3 position-relative\">\n        <!---->\n        <div class=\"h-row justify-content-lg-center justify-content-md-center justify-content-center align-items-lg-stretch align-items-md-stretch align-items-stretch gutters-col-lg-0 gutters-col-md-0 gutters-col-0 gutters-col-v-lg-0 gutters-col-v-md-0 gutters-col-v-0\">\n          <!---->\n          <div class=\"h-column h-column-container d-flex h-col-lg-auto h-col-md-auto h-col-auto style-371-outer style-local-437-c4-outer\">\n            <div data-colibri-id=\"437-c4\" class=\"d-flex h-flex-basis h-column__inner h-px-lg-0 h-px-md-0 h-px-0 v-inner-lg-0 v-inner-md-0 v-inner-0 style-371 style-local-437-c4 position-relative\">\n              <!---->\n              <!---->\n              <div class=\"w-100 h-y-container h-column__content h-column__v-align flex-basis-100 align-self-lg-start align-self-md-start align-self-start\">\n                <!---->\n                <div data-colibri-id=\"437-c5\" class=\"h-global-transition-all h-heading style-372 style-local-437-c5 position-relative h-element\">\n                  <!---->\n                  <div class=\"h-heading__outer style-372 style-local-437-c5\">\n                    <!---->\n                    <!---->\n                    <h5 class=\"\">Qui sommes nous ?<\/h5>\n                  <\/div>\n                <\/div>\n                <div data-colibri-id=\"437-c6\" class=\"h-global-transition-all h-heading style-373 style-local-437-c6 position-relative h-element\">\n                  <!---->\n                  <div class=\"h-heading__outer style-373 style-local-437-c6\">\n                    <!---->\n                    <!---->\n                    <h3 class=\"\">F\u00e9d\u00e9rer vos \u00e9quipes autour d&#8217;activit\u00e9s qui ont du sens : notre vocation !<\/h3>\n                  <\/div>\n                <\/div>\n                <div data-colibri-id=\"437-c7\" class=\"h-text h-text-component style-374 style-local-437-c7 position-relative h-element\">\n                  <!---->\n                  <!---->\n                  <div class=\"\">\n                    <p>N\u00e9e de plusieurs secouristes de la Protection Civile, l&#8217;id\u00e9e de SAVE MY TEAM a vu le jour durant le premier confinement. Alors que la France \u00e9tait \u00e0 l&#8217;arr\u00eat, l&#8217;\u00e9quipe de SAVE MY TEAM venait chaque jour au secours de victimes dont l&#8217;entourage\n                      \u00e9tait d\u00e9boussol\u00e9.&nbsp;\n                      <br>\n                      <br>Une fois le plus gros de la crise pass\u00e9, nous avons d\u00e9cid\u00e9 de cr\u00e9er SAVE MY TEAM afin de rendre accessible et ludique l&#8217;apprentissage des r\u00e9flexes et gestes qui sauvent, en entreprise comme \u00e0 la maison.<\/p>\n                    <p>L&#8217;\u00e9quipe s&#8217;est enrichie de sauveteurs en mer de la SNSM, de m\u00e9decins, de guides de haute montagne, de moniteurs de secourismes, d&#8217;acteurs professionnels et bien d&#8217;autres, afin de vous proposer une exp\u00e9rience qualitative et inoubliable.<\/p>\n                    <p>SAVE MY TEAM, c&#8217;est un Team Building \u00e0 faire pour soi, pour ses proches, pour ses coll\u00e8gues&#8230; Mais aussi pour le bien \u00eatre des \u00e9quipes au travail. Car quelle meilleure activit\u00e9 f\u00e9d\u00e9ratrice que celle qui permet \u00e0 une \u00e9quipe de se d\u00e9passer\n                      ensemble, de surmonter des situations de crise, d&#8217;affronter l&#8217;urgence et de porter secours \u00e0 autrui, main dans la main ?<\/p>\n                  <\/div>\n                <\/div>\n              <\/div>\n            <\/div>\n          <\/div>\n          <div class=\"h-column h-column-container d-flex h-col-lg-auto h-col-md-auto h-col-auto style-375-outer style-local-437-c8-outer\">\n            <div data-colibri-id=\"437-c8\" class=\"d-flex h-flex-basis h-column__inner h-ui-empty-state-container h-px-lg-2 h-px-md-2 h-px-2 v-inner-lg-2 v-inner-md-2 v-inner-2 style-375 style-local-437-c8 position-relative\">\n              <!---->\n              <!---->\n              <div class=\"w-100 h-y-container h-column__content h-column__v-align flex-basis-100\">\n                <!---->\n              <\/div>\n            <\/div>\n          <\/div>\n        <\/div>\n      <\/div>\n    <\/div>\n  <\/div>\n<\/div>","protected":false},"excerpt":{"rendered":"<p>Qui sommes nous ? F\u00e9d\u00e9rer vos \u00e9quipes autour d&#8217;activit\u00e9s qui ont du sens : notre vocation ! N\u00e9e de plusieurs secouristes de la Protection Civile, l&#8217;id\u00e9e de SAVE MY TEAM a vu le jour durant le premier confinement. Alors que la France \u00e9tait \u00e0 l&#8217;arr\u00eat, l&#8217;\u00e9quipe de SAVE MY TEAM venait chaque jour au secours [&hellip;]<\/p>\n","protected":false},"author":1,"featured_media":0,"parent":0,"menu_order":0,"comment_status":"closed","ping_status":"closed","template":"page-templates\/full-width-page.php","meta":{"footnotes":""},"class_list":["post-437","page","type-page","status-publish","hentry"],"yoast_head":"<!-- This site is optimized with the Yoast SEO plugin v20.6 - https:\/\/yoast.com\/wordpress\/plugins\/seo\/ -->\n<title>A Propos - SAVE MY TEAM<\/title>\n<meta name=\"robots\" content=\"index, follow, max-snippet:-1, max-image-preview:large, max-video-preview:-1\" \/>\n<link rel=\"canonical\" href=\"https:\/\/savemyteam.fr\/index.php\/a-propos\/\" \/>\n<meta property=\"og:locale\" content=\"en_US\" \/>\n<meta property=\"og:type\" content=\"article\" \/>\n<meta property=\"og:title\" content=\"A Propos - SAVE MY TEAM\" \/>\n<meta property=\"og:description\" content=\"Qui sommes nous ? F\u00e9d\u00e9rer vos \u00e9quipes autour d&#8217;activit\u00e9s qui ont du sens : notre vocation ! N\u00e9e de plusieurs secouristes de la Protection Civile, l&#8217;id\u00e9e de SAVE MY TEAM a vu le jour durant le premier confinement. Alors que la France \u00e9tait \u00e0 l&#8217;arr\u00eat, l&#8217;\u00e9quipe de SAVE MY TEAM venait chaque jour au secours [&hellip;]\" \/>\n<meta property=\"og:url\" content=\"https:\/\/savemyteam.fr\/index.php\/a-propos\/\" \/>\n<meta property=\"og:site_name\" content=\"SAVE MY TEAM\" \/>\n<meta property=\"article:modified_time\" content=\"2023-05-03T14:19:39+00:00\" \/>\n<meta name=\"twitter:card\" content=\"summary_large_image\" \/>\n<meta name=\"twitter:site\" content=\"@savemyteam_fr\" \/>\n<meta name=\"twitter:label1\" content=\"Est. reading time\" \/>\n\t<meta name=\"twitter:data1\" content=\"1 minute\" \/>\n<script type=\"application\/ld+json\" class=\"yoast-schema-graph\">{\"@context\":\"https:\/\/schema.org\",\"@graph\":[{\"@type\":\"WebPage\",\"@id\":\"https:\/\/savemyteam.fr\/index.php\/a-propos\/\",\"url\":\"https:\/\/savemyteam.fr\/index.php\/a-propos\/\",\"name\":\"A Propos - SAVE MY TEAM\",\"isPartOf\":{\"@id\":\"https:\/\/savemyteam.fr\/#website\"},\"datePublished\":\"2023-05-03T13:14:15+00:00\",\"dateModified\":\"2023-05-03T14:19:39+00:00\",\"breadcrumb\":{\"@id\":\"https:\/\/savemyteam.fr\/index.php\/a-propos\/#breadcrumb\"},\"inLanguage\":\"en-US\",\"potentialAction\":[{\"@type\":\"ReadAction\",\"target\":[\"https:\/\/savemyteam.fr\/index.php\/a-propos\/\"]}]},{\"@type\":\"BreadcrumbList\",\"@id\":\"https:\/\/savemyteam.fr\/index.php\/a-propos\/#breadcrumb\",\"itemListElement\":[{\"@type\":\"ListItem\",\"position\":1,\"name\":\"Accueil\",\"item\":\"https:\/\/savemyteam.fr\/\"},{\"@type\":\"ListItem\",\"position\":2,\"name\":\"A Propos\"}]},{\"@type\":\"WebSite\",\"@id\":\"https:\/\/savemyteam.fr\/#website\",\"url\":\"https:\/\/savemyteam.fr\/\",\"name\":\"SAVE MY TEAM\",\"description\":\"Team Builiding Secourisme et Survie\",\"publisher\":{\"@id\":\"https:\/\/savemyteam.fr\/#organization\"},\"potentialAction\":[{\"@type\":\"SearchAction\",\"target\":{\"@type\":\"EntryPoint\",\"urlTemplate\":\"https:\/\/savemyteam.fr\/?s={search_term_string}\"},\"query-input\":\"required name=search_term_string\"}],\"inLanguage\":\"en-US\"},{\"@type\":\"Organization\",\"@id\":\"https:\/\/savemyteam.fr\/#organization\",\"name\":\"SAVE MY TEAM\",\"url\":\"https:\/\/savemyteam.fr\/\",\"logo\":{\"@type\":\"ImageObject\",\"inLanguage\":\"en-US\",\"@id\":\"https:\/\/savemyteam.fr\/#\/schema\/logo\/image\/\",\"url\":\"https:\/\/savemyteam.fr\/wp-content\/uploads\/2023\/05\/cropped-grand-Logo-SMT-fond-transparent.png\",\"contentUrl\":\"https:\/\/savemyteam.fr\/wp-content\/uploads\/2023\/05\/cropped-grand-Logo-SMT-fond-transparent.png\",\"width\":1079,\"height\":361,\"caption\":\"SAVE MY TEAM\"},\"image\":{\"@id\":\"https:\/\/savemyteam.fr\/#\/schema\/logo\/image\/\"},\"sameAs\":[\"https:\/\/twitter.com\/savemyteam_fr\",\"https:\/\/www.linkedin.com\/company\/save-my-team\/\"]}]}<\/script>\n<!-- \/ Yoast SEO plugin. -->","yoast_head_json":{"title":"A Propos - SAVE MY TEAM","robots":{"index":"index","follow":"follow","max-snippet":"max-snippet:-1","max-image-preview":"max-image-preview:large","max-video-preview":"max-video-preview:-1"},"canonical":"https:\/\/savemyteam.fr\/index.php\/a-propos\/","og_locale":"en_US","og_type":"article","og_title":"A Propos - SAVE MY TEAM","og_description":"Qui sommes nous ? F\u00e9d\u00e9rer vos \u00e9quipes autour d&#8217;activit\u00e9s qui ont du sens : notre vocation ! N\u00e9e de plusieurs secouristes de la Protection Civile, l&#8217;id\u00e9e de SAVE MY TEAM a vu le jour durant le premier confinement. Alors que la France \u00e9tait \u00e0 l&#8217;arr\u00eat, l&#8217;\u00e9quipe de SAVE MY TEAM venait chaque jour au secours [&hellip;]","og_url":"https:\/\/savemyteam.fr\/index.php\/a-propos\/","og_site_name":"SAVE MY TEAM","article_modified_time":"2023-05-03T14:19:39+00:00","twitter_card":"summary_large_image","twitter_site":"@savemyteam_fr","twitter_misc":{"Est. reading time":"1 minute"},"schema":{"@context":"https:\/\/schema.org","@graph":[{"@type":"WebPage","@id":"https:\/\/savemyteam.fr\/index.php\/a-propos\/","url":"https:\/\/savemyteam.fr\/index.php\/a-propos\/","name":"A Propos - SAVE MY TEAM","isPartOf":{"@id":"https:\/\/savemyteam.fr\/#website"},"datePublished":"2023-05-03T13:14:15+00:00","dateModified":"2023-05-03T14:19:39+00:00","breadcrumb":{"@id":"https:\/\/savemyteam.fr\/index.php\/a-propos\/#breadcrumb"},"inLanguage":"en-US","potentialAction":[{"@type":"ReadAction","target":["https:\/\/savemyteam.fr\/index.php\/a-propos\/"]}]},{"@type":"BreadcrumbList","@id":"https:\/\/savemyteam.fr\/index.php\/a-propos\/#breadcrumb","itemListElement":[{"@type":"ListItem","position":1,"name":"Accueil","item":"https:\/\/savemyteam.fr\/"},{"@type":"ListItem","position":2,"name":"A Propos"}]},{"@type":"WebSite","@id":"https:\/\/savemyteam.fr\/#website","url":"https:\/\/savemyteam.fr\/","name":"SAVE MY TEAM","description":"Team Builiding Secourisme et Survie","publisher":{"@id":"https:\/\/savemyteam.fr\/#organization"},"potentialAction":[{"@type":"SearchAction","target":{"@type":"EntryPoint","urlTemplate":"https:\/\/savemyteam.fr\/?s={search_term_string}"},"query-input":"required name=search_term_string"}],"inLanguage":"en-US"},{"@type":"Organization","@id":"https:\/\/savemyteam.fr\/#organization","name":"SAVE MY TEAM","url":"https:\/\/savemyteam.fr\/","logo":{"@type":"ImageObject","inLanguage":"en-US","@id":"https:\/\/savemyteam.fr\/#\/schema\/logo\/image\/","url":"https:\/\/savemyteam.fr\/wp-content\/uploads\/2023\/05\/cropped-grand-Logo-SMT-fond-transparent.png","contentUrl":"https:\/\/savemyteam.fr\/wp-content\/uploads\/2023\/05\/cropped-grand-Logo-SMT-fond-transparent.png","width":1079,"height":361,"caption":"SAVE MY TEAM"},"image":{"@id":"https:\/\/savemyteam.fr\/#\/schema\/logo\/image\/"},"sameAs":["https:\/\/twitter.com\/savemyteam_fr","https:\/\/www.linkedin.com\/company\/save-my-team\/"]}]}},"_links":{"self":[{"href":"https:\/\/savemyteam.fr\/index.php\/wp-json\/wp\/v2\/pages\/437","targetHints":{"allow":["GET"]}}],"collection":[{"href":"https:\/\/savemyteam.fr\/index.php\/wp-json\/wp\/v2\/pages"}],"about":[{"href":"https:\/\/savemyteam.fr\/index.php\/wp-json\/wp\/v2\/types\/page"}],"author":[{"embeddable":true,"href":"https:\/\/savemyteam.fr\/index.php\/wp-json\/wp\/v2\/users\/1"}],"replies":[{"embeddable":true,"href":"https:\/\/savemyteam.fr\/index.php\/wp-json\/wp\/v2\/comments?post=437"}],"version-history":[{"count":3,"href":"https:\/\/savemyteam.fr\/index.php\/wp-json\/wp\/v2\/pages\/437\/revisions"}],"predecessor-version":[{"id":524,"href":"https:\/\/savemyteam.fr\/index.php\/wp-json\/wp\/v2\/pages\/437\/revisions\/524"}],"wp:attachment":[{"href":"https:\/\/savemyteam.fr\/index.php\/wp-json\/wp\/v2\/media?parent=437"}],"curies":[{"name":"wp","href":"https:\/\/api.w.org\/{rel}","templated":true}]}}